{"id":1525,"date":"2023-02-03T18:25:19","date_gmt":"2023-02-03T17:25:19","guid":{"rendered":"https:\/\/e-zymove.com\/?post_type=product&#038;p=1525"},"modified":"2023-02-03T20:17:07","modified_gmt":"2023-02-03T19:17:07","slug":"energica-eva-ribelle-rs","status":"publish","type":"product","link":"https:\/\/e-zymove.com\/index.php\/produit\/energica-eva-ribelle-rs\/","title":{"rendered":"ENERGICA Eva Ribelle RS"},"content":{"rendered":"<p style=\"padding-left: 40px; text-align: left;\"><b>Vitesse Maximale\u00a0: \u00a0 \u00a0 \u00a0 \u00a0 \u00a0 \u00a0 \u00a0<\/b>200 km \/ h<\/p>\n<p style=\"padding-left: 40px; text-align: left;\"><b>Couleur\u00a0: \u00a0 \u00a0 \u00a0 \u00a0 \u00a0 \u00a0 \u00a0 \u00a0 \u00a0 \u00a0 \u00a0 \u00a0 \u00a0 \u00a0 \u00a0 \u00a0 \u00a0\u00a0<\/b>Stealth Grey \/ Rosso Corsa \/Tricolore en option<\/p>\n<p style=\"padding-left: 40px; text-align: left;\"><b>Puissance :\u00a0 \u00a0 \u00a0 \u00a0 \u00a0 \u00a0 \u00a0 \u00a0 \u00a0 \u00a0 \u00a0 \u00a0 \u00a0 \u00a0 \u00a0\u00a0<\/b>Continue 110 kW (147 CV) \u2013 Puissance Maxi 126 kW (171 CV)<\/p>\n<p style=\"padding-left: 40px; text-align: left;\"><b>Poids :\u00a0 \u00a0 \u00a0 \u00a0 \u00a0 \u00a0 \u00a0 \u00a0 \u00a0 \u00a0 \u00a0 \u00a0 \u00a0 \u00a0 \u00a0 \u00a0 \u00a0 \u00a0 \u00a0 \u00a0 \u00a0\u00a0<\/b>260 kg<br \/>\n<b><\/b><\/p>\n<p style=\"padding-left: 40px; text-align: left;\"><b>Moteur : \u00a0 \u00a0 \u00a0 \u00a0 \u00a0 \u00a0 \u00a0 \u00a0 \u00a0 \u00a0 \u00a0 \u00a0 \u00a0 \u00a0 \u00a0 \u00a0 \u00a0 \u00a0 \u00a0<\/b>Type EMCE triphas\u00e9 \u00e0 refroidissement liquide 12000tr\/mn<b> <span class=\"Apple-converted-space\">\u00a0<\/span><\/b><\/p>\n<p style=\"padding-left: 40px;\"><b>Couple : \u00a0 \u00a0 \u00a0 \u00a0 \u00a0 \u00a0 \u00a0 \u00a0 \u00a0 \u00a0 \u00a0 \u00a0 \u00a0 \u00a0 \u00a0 \u00a0 \u00a0 \u00a0 \u00a0<\/b>215Nm<\/p>\n<p style=\"padding-left: 40px;\"><b>Autonomie\u00a0:<\/b>\u00a0 \u00a0 \u00a0 \u00a0 \u00a0 \u00a0 \u00a0 \u00a0 \u00a0 \u00a0 \u00a0 \u00a0-Ville 420 km;<span class=\"Apple-converted-space\">\u00a0<\/span><\/p>\n<p style=\"padding-left: 40px;\">\u00a0 \u00a0 \u00a0 \u00a0 \u00a0 \u00a0 \u00a0 \u00a0 \u00a0 \u00a0 \u00a0 \u00a0 \u00a0 \u00a0 \u00a0 \u00a0 \u00a0 \u00a0 \u00a0 \u00a0 \u00a0 \u00a0 \u00a0 -Combin\u00e9 256 km;<span class=\"Apple-converted-space\">\u00a0<\/span><\/p>\n<p style=\"padding-left: 40px;\">\u00a0 \u00a0 \u00a0 \u00a0 \u00a0 \u00a0 \u00a0 \u00a0 \u00a0 \u00a0 \u00a0 \u00a0 \u00a0 \u00a0 \u00a0 \u00a0 \u00a0 \u00a0 \u00a0 \u00a0 \u00a0 \u00a0 \u00a0 -Extra Urbain 208 km<\/p>\n<p style=\"padding-left: 40px;\"><b>Capacit\u00e9\u00a0:<\/b>\u00a0 \u00a0 \u00a0 \u00a0 \u00a0 \u00a0 \u00a0 \u00a0 \u00a0 \u00a0 \u00a0 \u00a0 \u00a0 \u00a021,5 kWh max; 18,9 kWh nom.<\/p>\n<p style=\"padding-left: 40px;\"><b>Temps de charge\u00a0:<\/b>\u00a0 \u00a0 \u00a0 \u00a0 \u00a0 \u00a0 Environ 7h en charge alternative et 40 min de 0 \u00e0 80% en charge continue<span class=\"Apple-converted-space\">\u00a0<\/span><\/p>\n<p style=\"padding-left: 40px;\"><b>Garantie\u00a0: \u00a0 \u00a0 \u00a0 \u00a0 \u00a0 \u00a0 \u00a0 \u00a0 \u00a0 \u00a0 \u00a0 \u00a0 \u00a0 \u00a0<\/b>\u00a0 \u00a0 \u00a0 2 ans-Batterie 3 ans\/50 000 km<\/p>\n<p style=\"padding-left: 40px;\"><b>Permis : \u00a0 \u00a0 \u00a0 \u00a0 \u00a0 \u00a0 \u00a0 \u00a0 \u00a0 \u00a0 \u00a0 \u00a0 \u00a0 \u00a0\u00a0<\/b>\u00a0 \u00a0 \u00a0 \u00a0 Permis Moto<\/p>\n<hr \/>\n<h2 style=\"padding-left: 40px;\">Eva Ribelle \u00a0 \u00a0 \u00a0 \u00a0 \u00a0 \u00a0 \u00a0 \u00a0 \u00a0 \u00a0 \u00a0 \u00a0 \u00a0 \u00a0Eva Ribelle RS<\/h2>\n<p><img fetchpriority=\"high\" decoding=\"async\" class=\"alignnone wp-image-1512\" src=\"https:\/\/e-zymove.com\/wp-content\/uploads\/2023\/02\/Eva-Ribelle-300x300.png\" alt=\"\" width=\"378\" height=\"378\" srcset=\"https:\/\/e-zymove.com\/wp-content\/uploads\/2023\/02\/Eva-Ribelle-300x300.png 300w, https:\/\/e-zymove.com\/wp-content\/uploads\/2023\/02\/Eva-Ribelle-100x100.png 100w, https:\/\/e-zymove.com\/wp-content\/uploads\/2023\/02\/Eva-Ribelle-600x600.png 600w, https:\/\/e-zymove.com\/wp-content\/uploads\/2023\/02\/Eva-Ribelle-1024x1024.png 1024w, https:\/\/e-zymove.com\/wp-content\/uploads\/2023\/02\/Eva-Ribelle-150x150.png 150w, https:\/\/e-zymove.com\/wp-content\/uploads\/2023\/02\/Eva-Ribelle-768x768.png 768w, https:\/\/e-zymove.com\/wp-content\/uploads\/2023\/02\/Eva-Ribelle-350x350.png 350w, https:\/\/e-zymove.com\/wp-content\/uploads\/2023\/02\/Eva-Ribelle.png 1080w\" sizes=\"(max-width: 378px) 100vw, 378px\" \/> <img decoding=\"async\" class=\"alignnone wp-image-1513\" src=\"https:\/\/e-zymove.com\/wp-content\/uploads\/2023\/02\/Eva-RS-300x300.png\" alt=\"\" width=\"373\" height=\"373\" srcset=\"https:\/\/e-zymove.com\/wp-content\/uploads\/2023\/02\/Eva-RS-300x300.png 300w, https:\/\/e-zymove.com\/wp-content\/uploads\/2023\/02\/Eva-RS-100x100.png 100w, https:\/\/e-zymove.com\/wp-content\/uploads\/2023\/02\/Eva-RS-600x600.png 600w, https:\/\/e-zymove.com\/wp-content\/uploads\/2023\/02\/Eva-RS-1024x1024.png 1024w, https:\/\/e-zymove.com\/wp-content\/uploads\/2023\/02\/Eva-RS-150x150.png 150w, https:\/\/e-zymove.com\/wp-content\/uploads\/2023\/02\/Eva-RS-768x768.png 768w, https:\/\/e-zymove.com\/wp-content\/uploads\/2023\/02\/Eva-RS-350x350.png 350w, https:\/\/e-zymove.com\/wp-content\/uploads\/2023\/02\/Eva-RS.png 1080w\" sizes=\"(max-width: 373px) 100vw, 373px\" \/><\/p>\n","protected":false},"excerpt":{"rendered":"<p><img decoding=\"async\" class=\"alignnone size-medium wp-image-1520\" src=\"https:\/\/e-zymove.com\/wp-content\/uploads\/2023\/02\/logo_04_h_rgb_wg-bkg_photo-1.png-300x75.webp\" alt=\"\" width=\"300\" height=\"75\" srcset=\"https:\/\/e-zymove.com\/wp-content\/uploads\/2023\/02\/logo_04_h_rgb_wg-bkg_photo-1.png-300x75.webp 300w, https:\/\/e-zymove.com\/wp-content\/uploads\/2023\/02\/logo_04_h_rgb_wg-bkg_photo-1.png-350x88.webp 350w, https:\/\/e-zymove.com\/wp-content\/uploads\/2023\/02\/logo_04_h_rgb_wg-bkg_photo-1.png.webp 480w\" sizes=\"(max-width: 300px) 100vw, 300px\" \/><\/p>\n<h1>Eva Ribelle RS<\/h1>\n<p>La version RS dispose d\u2019un groupe motopropulseur et d\u2019un logiciel VCU revisit\u00e9s qui permettent de r\u00e9duire encore le temps de passage de 0 \u00e0 100 km\/h ; et le nouveau moteur-onduleur EMCE all\u00e8ge l\u2019EVA Ribelle de 260 kg tout en augmentant la puissance maximale de 149 \u00e0 171 ch. En outre, l\u2019autonomie est \u00e9tendue de 10 % et les intervalles d\u2019entretien ont \u00e9t\u00e9 allong\u00e9s de trois \u00e0 quatre fois.<\/p>\n<p><a href=\"https:\/\/www.energicamotor.com\/wp-content\/uploads\/2022\/02\/brochure_web-energica_fr-2022.pdf\"><span style=\"color: #ff6600;\"><strong>Cliquez ici pour t\u00e9l\u00e9charger la brochure<\/strong><\/span><\/a><\/p>\n<h4>Extension de garantie batterie \u00e0 5 ans : 1 314 \u20ac TTC<\/h4>\n","protected":false},"featured_media":1560,"comment_status":"open","ping_status":"closed","template":"","meta":[],"product_brand":[],"product_cat":[46,47],"product_tag":[],"class_list":{"0":"post-1525","1":"product","2":"type-product","3":"status-publish","4":"has-post-thumbnail","6":"product_cat-energica","7":"product_cat-motos","9":"first","10":"instock","11":"taxable","12":"shipping-taxable","13":"purchasable","14":"product-type-simple"},"jetpack_sharing_enabled":true,"_links":{"self":[{"href":"https:\/\/e-zymove.com\/index.php\/wp-json\/wp\/v2\/product\/1525","targetHints":{"allow":["GET"]}}],"collection":[{"href":"https:\/\/e-zymove.com\/index.php\/wp-json\/wp\/v2\/product"}],"about":[{"href":"https:\/\/e-zymove.com\/index.php\/wp-json\/wp\/v2\/types\/product"}],"replies":[{"embeddable":true,"href":"https:\/\/e-zymove.com\/index.php\/wp-json\/wp\/v2\/comments?post=1525"}],"version-history":[{"count":11,"href":"https:\/\/e-zymove.com\/index.php\/wp-json\/wp\/v2\/product\/1525\/revisions"}],"predecessor-version":[{"id":1544,"href":"https:\/\/e-zymove.com\/index.php\/wp-json\/wp\/v2\/product\/1525\/revisions\/1544"}],"wp:featuredmedia":[{"embeddable":true,"href":"https:\/\/e-zymove.com\/index.php\/wp-json\/wp\/v2\/media\/1560"}],"wp:attachment":[{"href":"https:\/\/e-zymove.com\/index.php\/wp-json\/wp\/v2\/media?parent=1525"}],"wp:term":[{"taxonomy":"product_brand","embeddable":true,"href":"https:\/\/e-zymove.com\/index.php\/wp-json\/wp\/v2\/product_brand?post=1525"},{"taxonomy":"product_cat","embeddable":true,"href":"https:\/\/e-zymove.com\/index.php\/wp-json\/wp\/v2\/product_cat?post=1525"},{"taxonomy":"product_tag","embeddable":true,"href":"https:\/\/e-zymove.com\/index.php\/wp-json\/wp\/v2\/product_tag?post=1525"}],"curies":[{"name":"wp","href":"https:\/\/api.w.org\/{rel}","templated":true}]}}