{"id":1507,"date":"2023-02-03T18:00:29","date_gmt":"2023-02-03T17:00:29","guid":{"rendered":"https:\/\/e-zymove.com\/?post_type=product&#038;p=1507"},"modified":"2023-02-03T20:29:23","modified_gmt":"2023-02-03T19:29:23","slug":"energica-eva-ribelle","status":"publish","type":"product","link":"https:\/\/e-zymove.com\/index.php\/produit\/energica-eva-ribelle\/","title":{"rendered":"ENERGICA Eva Ribelle"},"content":{"rendered":"<p>L&rsquo;Energica EVA Ribelle enregistre le m\u00eame couple lin\u00e9aire de 159 lb-ft que l&rsquo;EGO+, la m\u00eame batterie lithium-ion de 21,5 kWh \u00e0 longue dur\u00e9e offrant jusqu&rsquo;\u00e0 420 kilom\u00e8tres d&rsquo;autonomie en ville, les m\u00eames options de suspension et de performances, et toutes les commodit\u00e9s technologiques.<\/p>\n<hr \/>\n<p style=\"text-align: left; padding-left: 40px;\"><b>Vitesse Maximale\u00a0: \u00a0 \u00a0 \u00a0 \u00a0 \u00a0\u00a0<\/b>200 km \/ h<\/p>\n<p style=\"text-align: left; padding-left: 40px;\"><b>Couleur\u00a0: \u00a0 \u00a0 \u00a0 \u00a0 \u00a0 \u00a0 \u00a0 \u00a0 \u00a0 \u00a0 \u00a0 \u00a0 \u00a0 \u00a0 \u00a0<\/b>Stealth Grey \/ Rosso Corsa \/Tricolore en option<\/p>\n<p style=\"text-align: left; padding-left: 40px;\"><b>Puissance : \u00a0 \u00a0 \u00a0 \u00a0 \u00a0 \u00a0 \u00a0 \u00a0 \u00a0 \u00a0 \u00a0 \u00a0<\/b>Continue 110 kW (147 CV) \u2013 Puissance Maxi 126 kW (171 CV)<\/p>\n<p style=\"text-align: left; padding-left: 40px;\"><b>Poids :<\/b>\u00a0 \u00a0 \u00a0 \u00a0 \u00a0 \u00a0 \u00a0 \u00a0 \u00a0 \u00a0 \u00a0 \u00a0 \u00a0 \u00a0 \u00a0260 kg<\/p>\n<p style=\"text-align: left; padding-left: 40px;\"><b>Moteur : \u00a0 \u00a0 \u00a0 \u00a0 \u00a0 \u00a0 \u00a0 \u00a0 \u00a0 \u00a0 \u00a0 \u00a0 \u00a0 \u00a0 \u00a0\u00a0<\/b>Type EMCE triphas\u00e9 \u00e0 refroidissement liquide 12000tr\/mn<b> <span class=\"Apple-converted-space\">\u00a0<\/span><\/b><\/p>\n<p style=\"padding-left: 40px;\"><b>Couple : \u00a0 \u00a0 \u00a0 \u00a0 \u00a0 \u00a0 \u00a0 \u00a0 \u00a0 \u00a0 \u00a0 \u00a0 \u00a0 \u00a0 \u00a0 <\/b>215Nm<\/p>\n<p style=\"padding-left: 40px;\"><b>Autonomie\u00a0:<\/b>\u00a0 \u00a0 \u00a0 \u00a0 \u00a0 \u00a0 \u00a0 \u00a0 \u00a0 \u00a0 -Ville <strong>420 km<\/strong><span class=\"Apple-converted-space\">\u00a0<\/span><\/p>\n<p style=\"padding-left: 40px;\">\u00a0 \u00a0 \u00a0 \u00a0 \u00a0 \u00a0 \u00a0 \u00a0 \u00a0 \u00a0 \u00a0 \u00a0 \u00a0 \u00a0 \u00a0 \u00a0 \u00a0 \u00a0 \u00a0 \u00a0 \u00a0 \u00a0-Combin\u00e9 <strong>256 km<\/strong><\/p>\n<p style=\"padding-left: 40px;\">\u00a0 \u00a0 \u00a0 \u00a0 \u00a0 \u00a0 \u00a0 \u00a0 \u00a0 \u00a0 \u00a0 \u00a0 \u00a0 \u00a0 \u00a0 \u00a0 \u00a0 \u00a0 \u00a0 \u00a0 \u00a0 \u00a0-Extra Urbain <strong>208 km<\/strong><\/p>\n<p style=\"padding-left: 40px;\"><b>Capacit\u00e9\u00a0:<\/b>\u00a0 \u00a0 \u00a0 \u00a0 \u00a0 \u00a0 \u00a0 \u00a0 \u00a0 \u00a0 \u00a0 \u00a0 21,5 kWh max; 18,9 kWh nom.<\/p>\n<p style=\"padding-left: 40px;\"><b>Temps de charge\u00a0:<\/b>\u00a0 \u00a0 \u00a0 \u00a0 \u00a0Environ 7h en charge alternative et 40 min de 0 \u00e0 80% en charge continue<span class=\"Apple-converted-space\">\u00a0<\/span><\/p>\n<p style=\"padding-left: 40px;\"><b>Garantie\u00a0:<\/b>\u00a0 \u00a0 \u00a0 \u00a0 \u00a0 \u00a0 \u00a0 \u00a0 \u00a0 \u00a0 \u00a0 \u00a0 \u00a02 ans-Batterie 3 ans\/50 000 km<\/p>\n<p style=\"padding-left: 40px;\"><b>Permis :<\/b>\u00a0 \u00a0 \u00a0 \u00a0 \u00a0 \u00a0 \u00a0 \u00a0 \u00a0 \u00a0 \u00a0 \u00a0 \u00a0 \u00a0 Permis Moto<\/p>\n<hr \/>\n<h2>\u00a0 \u00a0Eva Ribelle \u00a0 \u00a0 \u00a0 \u00a0 \u00a0 \u00a0 \u00a0 \u00a0 \u00a0 \u00a0 \u00a0 \u00a0 \u00a0 \u00a0 \u00a0 \u00a0 \u00a0 \u00a0 \u00a0 Eva Ribelle RS<\/h2>\n<p><img fetchpriority=\"high\" decoding=\"async\" class=\"wp-image-1512 alignleft\" src=\"https:\/\/e-zymove.com\/wp-content\/uploads\/2023\/02\/Eva-Ribelle-300x300.png\" alt=\"\" width=\"353\" height=\"353\" srcset=\"https:\/\/e-zymove.com\/wp-content\/uploads\/2023\/02\/Eva-Ribelle-300x300.png 300w, https:\/\/e-zymove.com\/wp-content\/uploads\/2023\/02\/Eva-Ribelle-100x100.png 100w, https:\/\/e-zymove.com\/wp-content\/uploads\/2023\/02\/Eva-Ribelle-600x600.png 600w, https:\/\/e-zymove.com\/wp-content\/uploads\/2023\/02\/Eva-Ribelle-1024x1024.png 1024w, https:\/\/e-zymove.com\/wp-content\/uploads\/2023\/02\/Eva-Ribelle-150x150.png 150w, https:\/\/e-zymove.com\/wp-content\/uploads\/2023\/02\/Eva-Ribelle-768x768.png 768w, https:\/\/e-zymove.com\/wp-content\/uploads\/2023\/02\/Eva-Ribelle-350x350.png 350w, https:\/\/e-zymove.com\/wp-content\/uploads\/2023\/02\/Eva-Ribelle.png 1080w\" sizes=\"(max-width: 353px) 100vw, 353px\" \/> <img decoding=\"async\" class=\"alignnone wp-image-1513\" src=\"https:\/\/e-zymove.com\/wp-content\/uploads\/2023\/02\/Eva-RS-300x300.png\" alt=\"\" width=\"353\" height=\"353\" srcset=\"https:\/\/e-zymove.com\/wp-content\/uploads\/2023\/02\/Eva-RS-300x300.png 300w, https:\/\/e-zymove.com\/wp-content\/uploads\/2023\/02\/Eva-RS-100x100.png 100w, https:\/\/e-zymove.com\/wp-content\/uploads\/2023\/02\/Eva-RS-600x600.png 600w, https:\/\/e-zymove.com\/wp-content\/uploads\/2023\/02\/Eva-RS-1024x1024.png 1024w, https:\/\/e-zymove.com\/wp-content\/uploads\/2023\/02\/Eva-RS-150x150.png 150w, https:\/\/e-zymove.com\/wp-content\/uploads\/2023\/02\/Eva-RS-768x768.png 768w, https:\/\/e-zymove.com\/wp-content\/uploads\/2023\/02\/Eva-RS-350x350.png 350w, https:\/\/e-zymove.com\/wp-content\/uploads\/2023\/02\/Eva-RS.png 1080w\" sizes=\"(max-width: 353px) 100vw, 353px\" \/><\/p>\n","protected":false},"excerpt":{"rendered":"<h1><img decoding=\"async\" class=\"alignnone size-medium wp-image-1520\" src=\"https:\/\/e-zymove.com\/wp-content\/uploads\/2023\/02\/logo_04_h_rgb_wg-bkg_photo-1.png-300x75.webp\" alt=\"\" width=\"300\" height=\"75\" srcset=\"https:\/\/e-zymove.com\/wp-content\/uploads\/2023\/02\/logo_04_h_rgb_wg-bkg_photo-1.png-300x75.webp 300w, https:\/\/e-zymove.com\/wp-content\/uploads\/2023\/02\/logo_04_h_rgb_wg-bkg_photo-1.png-350x88.webp 350w, https:\/\/e-zymove.com\/wp-content\/uploads\/2023\/02\/logo_04_h_rgb_wg-bkg_photo-1.png.webp 480w\" sizes=\"(max-width: 300px) 100vw, 300px\" \/><\/h1>\n<h1>Eva Ribelle<\/h1>\n<p>L\u2019Energica EVA Ribelle est la version roadster de l\u2019Energica EGO+, avec le m\u00eame couple, les m\u00eames puissance, acc\u00e9l\u00e9ration et autonomie ; les seules diff\u00e9rences essentielles \u00e9tant la position de conduite et la vitesse de pointe.<\/p>\n<p><a href=\"https:\/\/www.energicamotor.com\/wp-content\/uploads\/2022\/02\/brochure_web-energica_fr-2022.pdf\"><span style=\"color: #ff6600;\"><strong>Cliquez ici pour t\u00e9l\u00e9charger la brochure<\/strong><\/span><\/a><\/p>\n","protected":false},"featured_media":1560,"comment_status":"open","ping_status":"closed","template":"","meta":[],"product_brand":[],"product_cat":[46,47],"product_tag":[],"class_list":{"0":"post-1507","1":"product","2":"type-product","3":"status-publish","4":"has-post-thumbnail","6":"product_cat-energica","7":"product_cat-motos","9":"first","10":"instock","11":"taxable","12":"shipping-taxable","13":"purchasable","14":"product-type-simple"},"jetpack_sharing_enabled":true,"_links":{"self":[{"href":"https:\/\/e-zymove.com\/index.php\/wp-json\/wp\/v2\/product\/1507","targetHints":{"allow":["GET"]}}],"collection":[{"href":"https:\/\/e-zymove.com\/index.php\/wp-json\/wp\/v2\/product"}],"about":[{"href":"https:\/\/e-zymove.com\/index.php\/wp-json\/wp\/v2\/types\/product"}],"replies":[{"embeddable":true,"href":"https:\/\/e-zymove.com\/index.php\/wp-json\/wp\/v2\/comments?post=1507"}],"version-history":[{"count":8,"href":"https:\/\/e-zymove.com\/index.php\/wp-json\/wp\/v2\/product\/1507\/revisions"}],"predecessor-version":[{"id":1524,"href":"https:\/\/e-zymove.com\/index.php\/wp-json\/wp\/v2\/product\/1507\/revisions\/1524"}],"wp:featuredmedia":[{"embeddable":true,"href":"https:\/\/e-zymove.com\/index.php\/wp-json\/wp\/v2\/media\/1560"}],"wp:attachment":[{"href":"https:\/\/e-zymove.com\/index.php\/wp-json\/wp\/v2\/media?parent=1507"}],"wp:term":[{"taxonomy":"product_brand","embeddable":true,"href":"https:\/\/e-zymove.com\/index.php\/wp-json\/wp\/v2\/product_brand?post=1507"},{"taxonomy":"product_cat","embeddable":true,"href":"https:\/\/e-zymove.com\/index.php\/wp-json\/wp\/v2\/product_cat?post=1507"},{"taxonomy":"product_tag","embeddable":true,"href":"https:\/\/e-zymove.com\/index.php\/wp-json\/wp\/v2\/product_tag?post=1507"}],"curies":[{"name":"wp","href":"https:\/\/api.w.org\/{rel}","templated":true}]}}