{"id":1484,"date":"2023-02-03T16:52:21","date_gmt":"2023-02-03T15:52:21","guid":{"rendered":"https:\/\/e-zymove.com\/?post_type=product&#038;p=1484"},"modified":"2023-02-03T20:10:33","modified_gmt":"2023-02-03T19:10:33","slug":"energica-experia","status":"publish","type":"product","link":"https:\/\/e-zymove.com\/index.php\/produit\/energica-experia\/","title":{"rendered":"ENERGICA Experia"},"content":{"rendered":"<div id=\"heading-block_90fc78521baf9b308c6179819e0f311a\" class=\"fheading is-style-sm-width has-text-align-left fheading--h2\" role=\"heading\">\n<h3 class=\"fheading__title\">Nouveau moteur et nouvelle batterie<\/h3>\n<\/div>\n<p>La capacit\u00e9 de la batterie a augment\u00e9, tout en \u00e9tant plus l\u00e9g\u00e8re, et le centre de gravit\u00e9 centralis\u00e9 et rabaiss\u00e9 permet une meilleure maniabilit\u00e9 \u00e0 basse vitesse. Le moteur PMASynRM\u00a0redessin\u00e9 est \u00e9galement plus l\u00e9ger, avec moins de masse, et est positionn\u00e9 plus bas que dans nos autres mod\u00e8les.<\/p>\n<p><img fetchpriority=\"high\" decoding=\"async\" class=\"wp-image-1492 aligncenter\" src=\"https:\/\/e-zymove.com\/wp-content\/uploads\/2023\/02\/1-3-300x200.jpeg\" alt=\"\" width=\"671\" height=\"448\" srcset=\"https:\/\/e-zymove.com\/wp-content\/uploads\/2023\/02\/1-3-300x200.jpeg 300w, https:\/\/e-zymove.com\/wp-content\/uploads\/2023\/02\/1-3-600x400.jpeg 600w, https:\/\/e-zymove.com\/wp-content\/uploads\/2023\/02\/1-3-1024x683.jpeg 1024w, https:\/\/e-zymove.com\/wp-content\/uploads\/2023\/02\/1-3-768x513.jpeg 768w, https:\/\/e-zymove.com\/wp-content\/uploads\/2023\/02\/1-3-350x234.jpeg 350w, https:\/\/e-zymove.com\/wp-content\/uploads\/2023\/02\/1-3.jpeg 1536w\" sizes=\"(max-width: 671px) 100vw, 671px\" \/><\/p>\n<div id=\"heading-block_d83226af614d937871da6b783aa21001\" class=\"fheading is-style-sm-width has-text-align-left fheading--h2\" role=\"heading\">\n<h3 class=\"fheading__title\">B\u00e9n\u00e9ficiez de la plus grande capacit\u00e9 de batterie de toutes les motos \u00e9lectriques.<\/h3>\n<\/div>\n<p>22,5 kWh maximum (19,6 kWh nominaux) \u2013 La nouvelle batterie, bien que de plus grande capacit\u00e9, a un poids total inf\u00e9rieur et une r\u00e9partition des masses diff\u00e9rente, ce qui rend l\u2019Experia tr\u00e8s agr\u00e9able \u00e0 conduire sur des terrains mixtes.<\/p>\n<h3>Tout est dans les d\u00e9tails<\/h3>\n<p>Les volumineuses sacoches lat\u00e9rales rigides et le top case ont une capacit\u00e9 totale de 112 litres. Il y a deux ports USB sur le tableau de bord et deux autres dans un compartiment de rangement \u00e9tanche qui est verrouillable et suffisamment grand pour contenir des c\u00e2bles de recharge de voyage, ou une combinaison de pluie et une paire de gants.<\/p>\n<p><img decoding=\"async\" class=\" wp-image-1487 aligncenter\" src=\"https:\/\/e-zymove.com\/wp-content\/uploads\/2023\/02\/Capture-decran-2023-02-03-a-16.21.34-300x227.png\" alt=\"\" width=\"631\" height=\"477\" srcset=\"https:\/\/e-zymove.com\/wp-content\/uploads\/2023\/02\/Capture-decran-2023-02-03-a-16.21.34-300x227.png 300w, https:\/\/e-zymove.com\/wp-content\/uploads\/2023\/02\/Capture-decran-2023-02-03-a-16.21.34-600x454.png 600w, https:\/\/e-zymove.com\/wp-content\/uploads\/2023\/02\/Capture-decran-2023-02-03-a-16.21.34-1024x774.png 1024w, https:\/\/e-zymove.com\/wp-content\/uploads\/2023\/02\/Capture-decran-2023-02-03-a-16.21.34-768x581.png 768w, https:\/\/e-zymove.com\/wp-content\/uploads\/2023\/02\/Capture-decran-2023-02-03-a-16.21.34-350x265.png 350w, https:\/\/e-zymove.com\/wp-content\/uploads\/2023\/02\/Capture-decran-2023-02-03-a-16.21.34.png 1238w\" sizes=\"(max-width: 631px) 100vw, 631px\" \/><\/p>\n<p>&nbsp;<\/p>\n","protected":false},"excerpt":{"rendered":"<h1>EXPERIA<\/h1>\n<p>L\u2019Experia est une nouvelle moto Green Tourer sans \u00e9mission, con\u00e7ue pour permettre \u00e0 n\u2019importe quel conducteur de voyager de mani\u00e8re \u00e9cologique jusqu\u2019aux confins de notre monde actuel. Experia d\u00e9signe \u00e9galement de mani\u00e8re appropri\u00e9e la profonde expertise que nous avons acquise au cours d\u2019une d\u00e9cennie de course, de conception et de fabrication dans le domaine de la technologie \u00e9lectrique.<\/p>\n<p><a href=\"https:\/\/www.energicamotor.com\/wp-content\/uploads\/2022\/05\/EN_brochure_experia_22_exe_LR.pdf\"><span style=\"color: #ff6600;\"><strong>Cliquez ici pour t\u00e9l\u00e9charger la brochure<\/strong><\/span><\/a><\/p>\n","protected":false},"featured_media":1485,"comment_status":"open","ping_status":"closed","template":"","meta":[],"product_brand":[],"product_cat":[46,47],"product_tag":[],"class_list":{"0":"post-1484","1":"product","2":"type-product","3":"status-publish","4":"has-post-thumbnail","6":"product_cat-energica","7":"product_cat-motos","9":"first","10":"instock","11":"taxable","12":"shipping-taxable","13":"purchasable","14":"product-type-simple"},"jetpack_sharing_enabled":true,"_links":{"self":[{"href":"https:\/\/e-zymove.com\/index.php\/wp-json\/wp\/v2\/product\/1484","targetHints":{"allow":["GET"]}}],"collection":[{"href":"https:\/\/e-zymove.com\/index.php\/wp-json\/wp\/v2\/product"}],"about":[{"href":"https:\/\/e-zymove.com\/index.php\/wp-json\/wp\/v2\/types\/product"}],"replies":[{"embeddable":true,"href":"https:\/\/e-zymove.com\/index.php\/wp-json\/wp\/v2\/comments?post=1484"}],"version-history":[{"count":8,"href":"https:\/\/e-zymove.com\/index.php\/wp-json\/wp\/v2\/product\/1484\/revisions"}],"predecessor-version":[{"id":1501,"href":"https:\/\/e-zymove.com\/index.php\/wp-json\/wp\/v2\/product\/1484\/revisions\/1501"}],"wp:featuredmedia":[{"embeddable":true,"href":"https:\/\/e-zymove.com\/index.php\/wp-json\/wp\/v2\/media\/1485"}],"wp:attachment":[{"href":"https:\/\/e-zymove.com\/index.php\/wp-json\/wp\/v2\/media?parent=1484"}],"wp:term":[{"taxonomy":"product_brand","embeddable":true,"href":"https:\/\/e-zymove.com\/index.php\/wp-json\/wp\/v2\/product_brand?post=1484"},{"taxonomy":"product_cat","embeddable":true,"href":"https:\/\/e-zymove.com\/index.php\/wp-json\/wp\/v2\/product_cat?post=1484"},{"taxonomy":"product_tag","embeddable":true,"href":"https:\/\/e-zymove.com\/index.php\/wp-json\/wp\/v2\/product_tag?post=1484"}],"curies":[{"name":"wp","href":"https:\/\/api.w.org\/{rel}","templated":true}]}}