{"id":1330,"date":"2023-02-01T15:12:44","date_gmt":"2023-02-01T14:12:44","guid":{"rendered":"https:\/\/e-zymove.com\/?post_type=product&#038;p=1330"},"modified":"2025-03-10T10:33:58","modified_gmt":"2025-03-10T09:33:58","slug":"pink-pop","status":"publish","type":"product","link":"https:\/\/e-zymove.com\/index.php\/produit\/pink-pop\/","title":{"rendered":"Pink &#8211; Pop +"},"content":{"rendered":"<p>Vintage, n\u00e9o r\u00e9tro, le Pink Mobility Pink Pop Plus est un scooter \u00e9lectrique\u00a0<strong>\u00e9quivalent 125 cm3<\/strong>. Il est donc accessible avec le permis B et la formation de 7 heures. Il a \u00e9t\u00e9 imagin\u00e9 par la marque fran\u00e7aise Pink Mobility, bas\u00e9e en \u00cele-de-France.<\/p>\n<h3>Une vitesse maximale de 85 km\/h<\/h3>\n<p>D\u00e9veloppant 3 000 Watts en nominal comme en pic, son moteur est int\u00e9gr\u00e9 en roue arri\u00e8re. Il ne demandera presque aucun entretien. Sa vitesse maximale est de\u00a0<strong>85 km\/h<\/strong>\u00a0: le Pink Pop Plus n\u2019est donc pas le scooter \u00e9lectrique le plus rapide de notre catalogue de scooters 125, mais il pr\u00e9sente malgr\u00e9 cela un bon comportement en ville et en p\u00e9riurbain, pourvu que l\u2019on ne compte pas emprunter les voies rapides.<\/p>\n<h3>Le Pink Pop Plus dispose d\u2019une partie cycle \u00ab\u00a0125\u00a0\u00bb<\/h3>\n<p>Les freins avant et arri\u00e8re sont\u00a0<strong>\u00e0 disque<\/strong>. Le Pink Pop Plus dispose du\u00a0<strong>freinage coupl\u00e9<\/strong>. Ses roues avant et arri\u00e8re sont des 12 pouces, ce qui lui assure une maniabilit\u00e9 importante, surtout en usage urbain. Son \u00e9clairage est \u00e0 LED. Il p\u00e8se 109 kg avec ses deux batteries : il sait donc rester relativement l\u00e9ger.<\/p>\n<h3>Une autonomie r\u00e9elle de 80 kilom\u00e8tres<\/h3>\n<p>Le Pink Pop Plus est livr\u00e9 de s\u00e9rie avec deux batteries lithium-ion amovibles. Elles sont situ\u00e9es sous la selle. Totalement jumelles, elles pr\u00e9sentent une capacit\u00e9 totale de\u00a0<strong>4.16 kWh<\/strong>, soit 2.08 kWh pi\u00e8ce, ou 72V \/ 29Ah. Elle p\u00e8se 11.6 kg \u00e0 l\u2019unit\u00e9. Fourni de s\u00e9rie, le chargeur est compatible avec les prises 220V. On pourra donc recharger les batteries \u00e0 la maison, au travail ou chez des amis. Cette double batterie apporte une autonomie r\u00e9elle en ville de\u00a0<strong>80 kilom\u00e8tres<\/strong>. Le Pink Pop Plus dispose de trois modes de conduite : \u00e9co, confort et sport. En \u00e9co, il sera possible d\u2019atteindre les 120 kilom\u00e8tres d\u2019autonomie.<\/p>\n<p>Le Pink Pop Plus est garantie 2 ans, pi\u00e8ces et main-d\u2019\u0153uvre.<\/p>\n","protected":false},"excerpt":{"rendered":"<h2><strong>Pink &#8211; Pop Plus<\/strong><\/h2>\n<p class=\"eclair eclair-bigger uppercase gibson-semibold titleh3\">Puissance \u00e9quivalente \u00e0 un scooter 125cc<\/p>\n<p>Totalement silencieux gr\u00e2ce \u00e0 son moteur roue de 6000 W, le scooter \u00e9lectrique Pink Pop Plus s\u2019allume en deux temps gr\u00e2ce \u00e0 sa cl\u00e9 ou, \u00e0 distance, avec le plip puis par simple pression sur le bouton d\u2019allumage. Un scooter \u00e9lectrique de type L3E parfait pour les trajets de centre-ville et en p\u00e9riph\u00e9rie.<\/p>\n<p><strong><span style=\"color: #ff9900;\"><a style=\"color: #ff9900;\" href=\"https:\/\/pinkmobility.com\/wp-content\/uploads\/2023\/02\/pink_pop_flyer-1.pdf\" target=\"_blank\" rel=\"noopener\">Cliquez ici pour voir la fiche technique<\/a><\/span><\/strong><\/p>\n<p><em>*Prix hors options et prestations de mise \u00e0 la route et d\u2019immatriculation<\/em><\/p>\n","protected":false},"featured_media":1332,"comment_status":"open","ping_status":"closed","template":"","meta":[],"product_brand":[],"product_cat":[45,33],"product_tag":[],"class_list":{"0":"post-1330","1":"product","2":"type-product","3":"status-publish","4":"has-post-thumbnail","6":"product_cat-pink-mobility-scooters-125","7":"product_cat-scooters-125","9":"first","10":"instock","11":"taxable","12":"shipping-taxable","13":"purchasable","14":"product-type-simple"},"jetpack_sharing_enabled":true,"_links":{"self":[{"href":"https:\/\/e-zymove.com\/index.php\/wp-json\/wp\/v2\/product\/1330","targetHints":{"allow":["GET"]}}],"collection":[{"href":"https:\/\/e-zymove.com\/index.php\/wp-json\/wp\/v2\/product"}],"about":[{"href":"https:\/\/e-zymove.com\/index.php\/wp-json\/wp\/v2\/types\/product"}],"replies":[{"embeddable":true,"href":"https:\/\/e-zymove.com\/index.php\/wp-json\/wp\/v2\/comments?post=1330"}],"version-history":[{"count":4,"href":"https:\/\/e-zymove.com\/index.php\/wp-json\/wp\/v2\/product\/1330\/revisions"}],"predecessor-version":[{"id":4496,"href":"https:\/\/e-zymove.com\/index.php\/wp-json\/wp\/v2\/product\/1330\/revisions\/4496"}],"wp:featuredmedia":[{"embeddable":true,"href":"https:\/\/e-zymove.com\/index.php\/wp-json\/wp\/v2\/media\/1332"}],"wp:attachment":[{"href":"https:\/\/e-zymove.com\/index.php\/wp-json\/wp\/v2\/media?parent=1330"}],"wp:term":[{"taxonomy":"product_brand","embeddable":true,"href":"https:\/\/e-zymove.com\/index.php\/wp-json\/wp\/v2\/product_brand?post=1330"},{"taxonomy":"product_cat","embeddable":true,"href":"https:\/\/e-zymove.com\/index.php\/wp-json\/wp\/v2\/product_cat?post=1330"},{"taxonomy":"product_tag","embeddable":true,"href":"https:\/\/e-zymove.com\/index.php\/wp-json\/wp\/v2\/product_tag?post=1330"}],"curies":[{"name":"wp","href":"https:\/\/api.w.org\/{rel}","templated":true}]}}