{"id":1319,"date":"2023-02-01T14:37:46","date_gmt":"2023-02-01T13:37:46","guid":{"rendered":"https:\/\/e-zymove.com\/?post_type=product&#038;p=1319"},"modified":"2025-03-10T11:17:15","modified_gmt":"2025-03-10T10:17:15","slug":"pink-up","status":"publish","type":"product","link":"https:\/\/e-zymove.com\/index.php\/produit\/pink-up\/","title":{"rendered":"Pink &#8211; UP"},"content":{"rendered":"<p><strong>Le scooter \u00e9lectrique Pink Mobility Pink Up pour les professionnels est la solution utilitaire pour les livreurs, coursiers, personnel se d\u00e9pla\u00e7ant d\u2019un site \u00e0 l\u2019autre\u2026 \u00e0 la recherche d\u2019une\u00a0scooter robuste, fonctionnel et \u00e9conomique. Le Pink Mobility Pink Up est issu d\u2019un\u00a0cahier des charges fran\u00e7ais.<\/strong><\/p>\n<h3>Un moteur \u00e9lectrique de 2 kW<\/h3>\n<p>Le moteur \u00e9lectrique du Pink Mobility Pink Up d\u00e9veloppe\u00a0<strong>2 000 Watts en nominal<\/strong>\u00a0et 3 000 Watts en pic. En ville, les acc\u00e9l\u00e9rations sont satisfaisantes. Ceci \u00e9tant, le Pink Up n\u2019est pas le scooter \u00e9lectrique de livraison le plus puissant de sa cat\u00e9gorie. Sa vitesse maximale est de<strong>\u00a0<\/strong><strong>45 km\/h<\/strong><strong>.<\/strong> \u00c0 l\u2019usage, il est tr\u00e8s \u00e9conomique : pour r\u00e9aliser 100 kilom\u00e8tres, seul environ 0.40 \u20ac d\u2019\u00e9lectricit\u00e9 seront n\u00e9cessaires.<\/p>\n<h3>80 kilom\u00e8tres d\u2019autonomie r\u00e9elle en ville<\/h3>\n<p>Le Pink Mobility Pink Up int\u00e8gre deux batteries amovibles Panasonic. D\u2019apr\u00e8s son constructeur, ceci lui assure une autonomie maximale de 80 kilom\u00e8tres. A l\u2019unit\u00e9, chaque batterie dispose d\u2019une capacit\u00e9 de\u00a0<strong>1.56 kWh<\/strong>. En ville, dans des conditions r\u00e9elles, avec un conducteur de 80 kg et une temp\u00e9rature de 15\u00b0, en conduisant normalement, on pourra r\u00e9aliser 80 kilom\u00e8tres. Rechargeables sur secteur, les batteries sont ais\u00e9ment extractibles (8 kg) et se rechargent \u00e0 80% en 4 heures et \u00e0 100% en 6 heures gr\u00e2ce au chargeur fourni de s\u00e9rie. A noter, il faudra donc\u00a0<strong>12 heures<\/strong>\u00a0pour recharger enti\u00e8rement les deux batteries.<\/p>\n<h3>Le Pink Up dispose de deux modes de conduite<\/h3>\n<p>2 modes de conduites sont disponibles : Zen et Sport, le Pink Mobility Pink Up dispose aussi d\u2019une\u00a0<strong>marche arri\u00e8re<\/strong>. Parmi les \u00e9quipements de s\u00e9rie bienvenue, citons la\u00a0<strong>prise USB<\/strong>, les clignotants sonores et la r\u00e9cup\u00e9ration d\u2019\u00e9nergie au freinage. Tous les types de top-cases, y compris de grandes capacit\u00e9s, peuvent \u00eatre adapt\u00e9s sur le Pink Up.<\/p>\n<h3>Aucun Top Box ou Top Case fourni de s\u00e9rie<\/h3>\n<p>Monoplace destin\u00e9 aux professionnels, il pourra accueillir, selon l\u2019option choisie, un coffre de livraison allant\u00a0<strong>jusqu\u2019\u00e0 120 litres<\/strong>. Son moteur \u00e9lectrique de 3 000 W d\u00e9livre des acc\u00e9l\u00e9rations puissantes pour sa cat\u00e9gorie : c\u2019est un \u00e9quivalent 50 cm3 qui ne n\u00e9cessite ni permis A ni permis B.<\/p>\n<p>Le SAV est assur\u00e9 en France et il b\u00e9n\u00e9ficie d\u2019une garantie constructeur de 2 ans. Il est \u00e9ligible aux bonus \u00e9cologiques.<\/p>\n<p>&nbsp;<\/p>\n","protected":false},"excerpt":{"rendered":"<h1>PINK UP &#8211; 50cc<\/h1>\n<p>Premier n\u00e9 de la gamme, le Pink Up s\u2019adresse \u00e0 tous les professionnels : livraison du dernier kilom\u00e8tre, restauration livr\u00e9e, d\u00e9pannage, presse, artisans. En option : GPS antivol, pare-brise, panier avant, caisson arri\u00e8re, support t\u00e9l\u00e9phone, housse de protection de selle.<\/p>\n<p><a href=\"https:\/\/www.pinkmobility.com\/wp-content\/uploads\/2022\/11\/PINK_UP_FLYER.pdf\"><strong><span style=\"color: #ff9900;\">Cliquez ici pour t\u00e9l\u00e9charger la fiche produit<\/span><\/strong><\/a><\/p>\n<div id=\"step1\">\n<div class=\"container\">\n<div class=\"col-md-12\">\n<div class=\"small-info\">\n<div class=\"row\">\n<div class=\"col-md-6\">Prix hors options affich\u00e9es et hors prestations de mise \u00e0 la route et immatriculation. Photo non contractuelle.<\/div>\n<\/div>\n<\/div>\n<\/div>\n<\/div>\n<\/div>\n<div class=\"grey-bg\">\n<div class=\"container\">\n<div id=\"step3\"><\/div>\n<\/div>\n<\/div>\n","protected":false},"featured_media":1321,"comment_status":"open","ping_status":"closed","template":"","meta":[],"product_brand":[],"product_cat":[107,35],"product_tag":[],"class_list":{"0":"post-1319","1":"product","2":"type-product","3":"status-publish","4":"has-post-thumbnail","6":"manufacturer-pink-mobility","7":"product_cat-livraison","8":"product_cat-scooters-50cc","10":"first","11":"instock","12":"taxable","13":"shipping-taxable","14":"purchasable","15":"product-type-simple"},"jetpack_sharing_enabled":true,"_links":{"self":[{"href":"https:\/\/e-zymove.com\/index.php\/wp-json\/wp\/v2\/product\/1319","targetHints":{"allow":["GET"]}}],"collection":[{"href":"https:\/\/e-zymove.com\/index.php\/wp-json\/wp\/v2\/product"}],"about":[{"href":"https:\/\/e-zymove.com\/index.php\/wp-json\/wp\/v2\/types\/product"}],"replies":[{"embeddable":true,"href":"https:\/\/e-zymove.com\/index.php\/wp-json\/wp\/v2\/comments?post=1319"}],"version-history":[{"count":5,"href":"https:\/\/e-zymove.com\/index.php\/wp-json\/wp\/v2\/product\/1319\/revisions"}],"predecessor-version":[{"id":4501,"href":"https:\/\/e-zymove.com\/index.php\/wp-json\/wp\/v2\/product\/1319\/revisions\/4501"}],"wp:featuredmedia":[{"embeddable":true,"href":"https:\/\/e-zymove.com\/index.php\/wp-json\/wp\/v2\/media\/1321"}],"wp:attachment":[{"href":"https:\/\/e-zymove.com\/index.php\/wp-json\/wp\/v2\/media?parent=1319"}],"wp:term":[{"taxonomy":"product_brand","embeddable":true,"href":"https:\/\/e-zymove.com\/index.php\/wp-json\/wp\/v2\/product_brand?post=1319"},{"taxonomy":"product_cat","embeddable":true,"href":"https:\/\/e-zymove.com\/index.php\/wp-json\/wp\/v2\/product_cat?post=1319"},{"taxonomy":"product_tag","embeddable":true,"href":"https:\/\/e-zymove.com\/index.php\/wp-json\/wp\/v2\/product_tag?post=1319"}],"curies":[{"name":"wp","href":"https:\/\/api.w.org\/{rel}","templated":true}]}}