{"id":4598,"date":"2025-06-20T21:26:25","date_gmt":"2025-06-20T19:26:25","guid":{"rendered":"https:\/\/e-zymove.com\/?page_id=4598"},"modified":"2025-06-20T21:26:40","modified_gmt":"2025-06-20T19:26:40","slug":"politique-relative-aux-cookies","status":"publish","type":"page","link":"https:\/\/e-zymove.com\/index.php\/politique-relative-aux-cookies\/","title":{"rendered":"Politique relative aux cookies"},"content":{"rendered":"\t\t<div data-elementor-type=\"wp-page\" data-elementor-id=\"4598\" class=\"elementor elementor-4598\">\n\t\t\t\t\t\t<section class=\"elementor-section elementor-top-section elementor-element elementor-element-473391cc elementor-section-boxed elementor-section-height-default elementor-section-height-default\" data-id=\"473391cc\" data-element_type=\"section\" data-e-type=\"section\">\n\t\t\t\t\t\t<div class=\"elementor-container elementor-column-gap-default\">\n\t\t\t\t\t<div class=\"elementor-column elementor-col-100 elementor-top-column elementor-element elementor-element-30d91626\" data-id=\"30d91626\" data-element_type=\"column\" data-e-type=\"column\">\n\t\t\t<div class=\"elementor-widget-wrap elementor-element-populated\">\n\t\t\t\t\t\t<div class=\"elementor-element elementor-element-7c80fcd9 elementor-widget elementor-widget-text-editor\" data-id=\"7c80fcd9\" data-element_type=\"widget\" data-e-type=\"widget\" data-widget_type=\"text-editor.default\">\n\t\t\t\t<div class=\"elementor-widget-container\">\n\t\t\t\t\t\t\t\t\t\n<h2 class=\"wp-block-heading\">1. Qu\u2019est-ce qu\u2019un cookie ?<\/h2>\n\n\n\n<p>Un cookie est un petit fichier texte enregistr\u00e9 sur votre terminal (ordinateur, mobile, tablette) lorsque vous visitez un site internet. Il permet au site de m\u00e9moriser certaines informations vous concernant (pr\u00e9f\u00e9rences, panier, connexion, etc.) pour am\u00e9liorer votre exp\u00e9rience utilisateur.<\/p>\n\n\n\n<hr class=\"wp-block-separator has-alpha-channel-opacity\"\/>\n\n\n\n<h2 class=\"wp-block-heading\">2. Quels types de cookies utilisons-nous ?<\/h2>\n\n\n\n<p>Le site <strong>e-zymove.com<\/strong> utilise plusieurs types de cookies :<\/p>\n\n\n\n<h3 class=\"wp-block-heading\">\ud83d\udd39 Cookies strictement n\u00e9cessaires<\/h3>\n\n\n\n<p>Ces cookies sont essentiels au bon fonctionnement du site. Ils vous permettent, par exemple, d\u2019acc\u00e9der \u00e0 des zones s\u00e9curis\u00e9es ou de passer commande.<\/p>\n\n\n\n<blockquote class=\"wp-block-quote is-layout-flow wp-block-quote-is-layout-flow\">\n<p>Exemple : gestion du panier, connexion \u00e0 votre compte client<\/p>\n<\/blockquote>\n\n\n\n<h3 class=\"wp-block-heading\">\ud83d\udd39 Cookies de performance<\/h3>\n\n\n\n<p>Ils permettent d\u2019analyser l\u2019utilisation du site pour en am\u00e9liorer les performances (nombre de visites, pages consult\u00e9es\u2026).<\/p>\n\n\n\n<blockquote class=\"wp-block-quote is-layout-flow wp-block-quote-is-layout-flow\">\n<p>Outils utilis\u00e9s : [ex : Google Analytics \u2013 \u00e0 confirmer]<\/p>\n<\/blockquote>\n\n\n\n<h3 class=\"wp-block-heading\">\ud83d\udd39 Cookies de personnalisation<\/h3>\n\n\n\n<p>Ces cookies enregistrent vos pr\u00e9f\u00e9rences (langue, r\u00e9gion, etc.) afin de vous offrir une navigation personnalis\u00e9e.<\/p>\n\n\n\n<h3 class=\"wp-block-heading\">\ud83d\udd39 Cookies publicitaires (le cas \u00e9ch\u00e9ant)<\/h3>\n\n\n\n<p>Ils sont utilis\u00e9s pour vous proposer des publicit\u00e9s cibl\u00e9es en fonction de votre navigation sur le site.<\/p>\n\n\n\n<blockquote class=\"wp-block-quote is-layout-flow wp-block-quote-is-layout-flow\">\n<p>\u00c0 activer uniquement si vous utilisez Google Ads, Facebook Ads, etc.<\/p>\n<\/blockquote>\n\n\n\n<hr class=\"wp-block-separator has-alpha-channel-opacity\"\/>\n\n\n\n<h2 class=\"wp-block-heading\">3. Consentement<\/h2>\n\n\n\n<p>Lors de votre premi\u00e8re visite sur <strong>e-zymove.com<\/strong>, un bandeau vous informe de l\u2019utilisation de cookies. Vous pouvez :<\/p>\n\n\n\n<ul class=\"wp-block-list\">\n<li>Accepter tous les cookies<\/li>\n\n\n\n<li>Refuser tout ou partie des cookies<\/li>\n\n\n\n<li>Personnaliser vos choix<\/li>\n<\/ul>\n\n\n\n<p>Votre consentement est valable 6 mois, mais vous pouvez <strong>le modifier \u00e0 tout moment<\/strong> en cliquant sur le lien \u00ab\u00a0G\u00e9rer mes cookies\u00a0\u00bb disponible en bas du site.<\/p>\n\n\n\n<hr class=\"wp-block-separator has-alpha-channel-opacity\"\/>\n\n\n\n<h2 class=\"wp-block-heading\">4. Gestion des cookies<\/h2>\n\n\n\n<p>Vous pouvez \u00e9galement g\u00e9rer les cookies directement depuis votre navigateur :<\/p>\n\n\n\n<ul class=\"wp-block-list\">\n<li><strong>Chrome<\/strong> : <a>https:\/\/support.google.com\/accounts\/answer\/61416<\/a><\/li>\n\n\n\n<li><strong>Firefox<\/strong> : <a class=\"\" href=\"https:\/\/support.mozilla.org\/fr\/kb\/effacer-cookies-supprimer-infos-sites\">https:\/\/support.mozilla.org\/fr\/kb\/effacer-cookies-supprimer-infos-sites<\/a><\/li>\n\n\n\n<li><strong>Safari<\/strong> : <a class=\"\" href=\"https:\/\/support.apple.com\/fr-fr\/guide\/safari\/sfri11471\/mac\">https:\/\/support.apple.com\/fr-fr\/guide\/safari\/sfri11471\/mac<\/a><\/li>\n\n\n\n<li><strong>Edge<\/strong> : <a class=\"\" href=\"https:\/\/support.microsoft.com\/fr-fr\/help\/4027947\">https:\/\/support.microsoft.com\/fr-fr\/help\/4027947<\/a><\/li>\n<\/ul>\n\n\n\n<hr class=\"wp-block-separator has-alpha-channel-opacity\"\/>\n\n\n\n<h2 class=\"wp-block-heading\">5. Contact<\/h2>\n\n\n\n<p>Pour toute question concernant notre politique de cookies, vous pouvez nous contacter \u00e0 :<br>\ud83d\udce7 [adresse email \u00e0 compl\u00e9ter]<br>\ud83d\udcec 101 avenue Georges Cl\u00e9menceau, 34500 B\u00e9ziers, France<\/p>\n\n\n\n<hr class=\"wp-block-separator has-alpha-channel-opacity\"\/>\n\n\n\n<h2 class=\"wp-block-heading\">\ud83d\udd04 Derni\u00e8re mise \u00e0 jour<\/h2>\n\n\n\n<p><strong>20 juin 2025<\/strong><\/p>\n\n\n\n<p><\/p>\n\t\t\t\t\t\t\t\t<\/div>\n\t\t\t\t<\/div>\n\t\t\t\t\t<\/div>\n\t\t<\/div>\n\t\t\t\t\t<\/div>\n\t\t<\/section>\n\t\t\t\t<\/div>\n\t\t","protected":false},"excerpt":{"rendered":"<p>1. Qu\u2019est-ce qu\u2019un cookie ? Un cookie est un petit fichier texte enregistr\u00e9 sur votre terminal (ordinateur, mobile, tablette) lorsque vous visitez un site internet. Il permet au site de m\u00e9moriser certaines informations vous concernant (pr\u00e9f\u00e9rences, panier, connexion, etc.) pour am\u00e9liorer votre exp\u00e9rience utilisateur. 2. Quels types de cookies utilisons-nous ? Le site e-zymove.com utilise [&hellip;]<\/p>\n","protected":false},"author":1,"featured_media":0,"parent":0,"menu_order":0,"comment_status":"closed","ping_status":"closed","template":"","meta":{"footnotes":""},"class_list":["post-4598","page","type-page","status-publish","hentry"],"jetpack_sharing_enabled":true,"_links":{"self":[{"href":"https:\/\/e-zymove.com\/index.php\/wp-json\/wp\/v2\/pages\/4598","targetHints":{"allow":["GET"]}}],"collection":[{"href":"https:\/\/e-zymove.com\/index.php\/wp-json\/wp\/v2\/pages"}],"about":[{"href":"https:\/\/e-zymove.com\/index.php\/wp-json\/wp\/v2\/types\/page"}],"author":[{"embeddable":true,"href":"https:\/\/e-zymove.com\/index.php\/wp-json\/wp\/v2\/users\/1"}],"replies":[{"embeddable":true,"href":"https:\/\/e-zymove.com\/index.php\/wp-json\/wp\/v2\/comments?post=4598"}],"version-history":[{"count":4,"href":"https:\/\/e-zymove.com\/index.php\/wp-json\/wp\/v2\/pages\/4598\/revisions"}],"predecessor-version":[{"id":4602,"href":"https:\/\/e-zymove.com\/index.php\/wp-json\/wp\/v2\/pages\/4598\/revisions\/4602"}],"wp:attachment":[{"href":"https:\/\/e-zymove.com\/index.php\/wp-json\/wp\/v2\/media?parent=4598"}],"curies":[{"name":"wp","href":"https:\/\/api.w.org\/{rel}","templated":true}]}}